{"id":988,"date":"2025-08-26T11:22:02","date_gmt":"2025-08-26T08:22:02","guid":{"rendered":"https:\/\/spredd.eu\/par-mums\/"},"modified":"2026-02-03T04:17:25","modified_gmt":"2026-02-03T02:17:25","slug":"about-us","status":"publish","type":"page","link":"https:\/\/spredd.eu\/en\/about-us\/","title":{"rendered":"About us"},"content":{"rendered":"","protected":false},"excerpt":{"rendered":"","protected":false},"author":1,"featured_media":0,"parent":0,"menu_order":0,"comment_status":"closed","ping_status":"closed","template":"builder.php","meta":{"_acf_changed":false},"class_list":["post-988","page","type-page","status-publish","hentry"],"acf":[],"yoast_head":"<!-- This site is optimized with the Yoast SEO plugin v26.2 - https:\/\/yoast.com\/wordpress\/plugins\/seo\/ -->\n<title>About us | Spredd<\/title>\n<meta name=\"description\" content=\"We make high-quality social media videos that grow your brand, connect with customers, and keep you ahead of the competition.\" \/>\n<meta name=\"robots\" content=\"index, follow, max-snippet:-1, max-image-preview:large, max-video-preview:-1\" \/>\n<link rel=\"canonical\" href=\"https:\/\/spredd.eu\/en\/about-us\/\" \/>\n<meta property=\"og:locale\" content=\"en_US\" \/>\n<meta property=\"og:type\" content=\"article\" \/>\n<meta property=\"og:title\" content=\"About us | Spredd\" \/>\n<meta property=\"og:description\" content=\"We make high-quality social media videos that grow your brand, connect with customers, and keep you ahead of the competition.\" \/>\n<meta property=\"og:url\" content=\"https:\/\/spredd.eu\/en\/about-us\/\" \/>\n<meta property=\"og:site_name\" content=\"Spredd\" \/>\n<meta property=\"article:modified_time\" content=\"2026-02-03T02:17:25+00:00\" \/>\n<meta property=\"og:image\" content=\"https:\/\/spredd.eu\/wp-content\/uploads\/2025\/09\/featured-image-fallback.jpg\" \/>\n\t<meta property=\"og:image:width\" content=\"1200\" \/>\n\t<meta property=\"og:image:height\" content=\"675\" \/>\n\t<meta property=\"og:image:type\" content=\"image\/jpeg\" \/>\n<meta name=\"twitter:card\" content=\"summary_large_image\" \/>\n<script type=\"application\/ld+json\" class=\"yoast-schema-graph\">{\"@context\":\"https:\/\/schema.org\",\"@graph\":[{\"@type\":\"WebPage\",\"@id\":\"https:\/\/spredd.eu\/en\/about-us\/\",\"url\":\"https:\/\/spredd.eu\/en\/about-us\/\",\"name\":\"About us | Spredd\",\"isPartOf\":{\"@id\":\"https:\/\/spredd.eu\/en\/#website\"},\"datePublished\":\"2025-08-26T08:22:02+00:00\",\"dateModified\":\"2026-02-03T02:17:25+00:00\",\"description\":\"We make high-quality social media videos that grow your brand, connect with customers, and keep you ahead of the competition.\",\"breadcrumb\":{\"@id\":\"https:\/\/spredd.eu\/en\/about-us\/#breadcrumb\"},\"inLanguage\":\"en-US\",\"potentialAction\":[{\"@type\":\"ReadAction\",\"target\":[\"https:\/\/spredd.eu\/en\/about-us\/\"]}]},{\"@type\":\"BreadcrumbList\",\"@id\":\"https:\/\/spredd.eu\/en\/about-us\/#breadcrumb\",\"itemListElement\":[{\"@type\":\"ListItem\",\"position\":1,\"name\":\"Home\",\"item\":\"https:\/\/spredd.eu\/en\/\"},{\"@type\":\"ListItem\",\"position\":2,\"name\":\"About us\"}]},{\"@type\":\"WebSite\",\"@id\":\"https:\/\/spredd.eu\/en\/#website\",\"url\":\"https:\/\/spredd.eu\/en\/\",\"name\":\"Spredd\",\"description\":\"Video satura m\u0101rketinga a\u0123ent\u016bra\",\"publisher\":{\"@id\":\"https:\/\/spredd.eu\/en\/#organization\"},\"potentialAction\":[{\"@type\":\"SearchAction\",\"target\":{\"@type\":\"EntryPoint\",\"urlTemplate\":\"https:\/\/spredd.eu\/en\/?s={search_term_string}\"},\"query-input\":{\"@type\":\"PropertyValueSpecification\",\"valueRequired\":true,\"valueName\":\"search_term_string\"}}],\"inLanguage\":\"en-US\"},{\"@type\":\"Organization\",\"@id\":\"https:\/\/spredd.eu\/en\/#organization\",\"name\":\"Spredd\",\"alternateName\":\"Video satura m\u0101rketinga a\u0123ent\u016bra\",\"url\":\"https:\/\/spredd.eu\/en\/\",\"logo\":{\"@type\":\"ImageObject\",\"inLanguage\":\"en-US\",\"@id\":\"https:\/\/spredd.eu\/en\/#\/schema\/logo\/image\/\",\"url\":\"https:\/\/spredd.eu\/wp-content\/uploads\/2025\/09\/dark-logo.svg\",\"contentUrl\":\"https:\/\/spredd.eu\/wp-content\/uploads\/2025\/09\/dark-logo.svg\",\"width\":1,\"height\":1,\"caption\":\"Spredd\"},\"image\":{\"@id\":\"https:\/\/spredd.eu\/en\/#\/schema\/logo\/image\/\"}}]}<\/script>\n<!-- \/ Yoast SEO plugin. -->","yoast_head_json":{"title":"About us | Spredd","description":"We make high-quality social media videos that grow your brand, connect with customers, and keep you ahead of the competition.","robots":{"index":"index","follow":"follow","max-snippet":"max-snippet:-1","max-image-preview":"max-image-preview:large","max-video-preview":"max-video-preview:-1"},"canonical":"https:\/\/spredd.eu\/en\/about-us\/","og_locale":"en_US","og_type":"article","og_title":"About us | Spredd","og_description":"We make high-quality social media videos that grow your brand, connect with customers, and keep you ahead of the competition.","og_url":"https:\/\/spredd.eu\/en\/about-us\/","og_site_name":"Spredd","article_modified_time":"2026-02-03T02:17:25+00:00","og_image":[{"width":1200,"height":675,"url":"https:\/\/spredd.eu\/wp-content\/uploads\/2025\/09\/featured-image-fallback.jpg","type":"image\/jpeg"}],"twitter_card":"summary_large_image","schema":{"@context":"https:\/\/schema.org","@graph":[{"@type":"WebPage","@id":"https:\/\/spredd.eu\/en\/about-us\/","url":"https:\/\/spredd.eu\/en\/about-us\/","name":"About us | Spredd","isPartOf":{"@id":"https:\/\/spredd.eu\/en\/#website"},"datePublished":"2025-08-26T08:22:02+00:00","dateModified":"2026-02-03T02:17:25+00:00","description":"We make high-quality social media videos that grow your brand, connect with customers, and keep you ahead of the competition.","breadcrumb":{"@id":"https:\/\/spredd.eu\/en\/about-us\/#breadcrumb"},"inLanguage":"en-US","potentialAction":[{"@type":"ReadAction","target":["https:\/\/spredd.eu\/en\/about-us\/"]}]},{"@type":"BreadcrumbList","@id":"https:\/\/spredd.eu\/en\/about-us\/#breadcrumb","itemListElement":[{"@type":"ListItem","position":1,"name":"Home","item":"https:\/\/spredd.eu\/en\/"},{"@type":"ListItem","position":2,"name":"About us"}]},{"@type":"WebSite","@id":"https:\/\/spredd.eu\/en\/#website","url":"https:\/\/spredd.eu\/en\/","name":"Spredd","description":"Video satura m\u0101rketinga a\u0123ent\u016bra","publisher":{"@id":"https:\/\/spredd.eu\/en\/#organization"},"potentialAction":[{"@type":"SearchAction","target":{"@type":"EntryPoint","urlTemplate":"https:\/\/spredd.eu\/en\/?s={search_term_string}"},"query-input":{"@type":"PropertyValueSpecification","valueRequired":true,"valueName":"search_term_string"}}],"inLanguage":"en-US"},{"@type":"Organization","@id":"https:\/\/spredd.eu\/en\/#organization","name":"Spredd","alternateName":"Video satura m\u0101rketinga a\u0123ent\u016bra","url":"https:\/\/spredd.eu\/en\/","logo":{"@type":"ImageObject","inLanguage":"en-US","@id":"https:\/\/spredd.eu\/en\/#\/schema\/logo\/image\/","url":"https:\/\/spredd.eu\/wp-content\/uploads\/2025\/09\/dark-logo.svg","contentUrl":"https:\/\/spredd.eu\/wp-content\/uploads\/2025\/09\/dark-logo.svg","width":1,"height":1,"caption":"Spredd"},"image":{"@id":"https:\/\/spredd.eu\/en\/#\/schema\/logo\/image\/"}}]}},"_links":{"self":[{"href":"https:\/\/spredd.eu\/en\/wp-json\/wp\/v2\/pages\/988","targetHints":{"allow":["GET"]}}],"collection":[{"href":"https:\/\/spredd.eu\/en\/wp-json\/wp\/v2\/pages"}],"about":[{"href":"https:\/\/spredd.eu\/en\/wp-json\/wp\/v2\/types\/page"}],"author":[{"embeddable":true,"href":"https:\/\/spredd.eu\/en\/wp-json\/wp\/v2\/users\/1"}],"replies":[{"embeddable":true,"href":"https:\/\/spredd.eu\/en\/wp-json\/wp\/v2\/comments?post=988"}],"version-history":[{"count":4,"href":"https:\/\/spredd.eu\/en\/wp-json\/wp\/v2\/pages\/988\/revisions"}],"predecessor-version":[{"id":2003,"href":"https:\/\/spredd.eu\/en\/wp-json\/wp\/v2\/pages\/988\/revisions\/2003"}],"wp:attachment":[{"href":"https:\/\/spredd.eu\/en\/wp-json\/wp\/v2\/media?parent=988"}],"curies":[{"name":"wp","href":"https:\/\/api.w.org\/{rel}","templated":true}]}}