{"id":1800,"date":"2025-11-12T17:14:50","date_gmt":"2025-11-12T15:14:50","guid":{"rendered":"https:\/\/spredd.eu\/?post_type=product&#038;p=1800"},"modified":"2025-12-08T10:00:52","modified_gmt":"2025-12-08T08:00:52","slug":"unisex-short-sleeve-v-neck-t-shirt","status":"publish","type":"product","link":"https:\/\/spredd.eu\/en\/product\/unisex-short-sleeve-v-neck-t-shirt\/","title":{"rendered":"Unisex T-shirt with V-neck"},"content":{"rendered":"<p>This versatile T-shirt with a classic V-neck will be as comfortable as your favourite shirt.<\/p>\n<p>&#8211; 100% soft, quality cotton<br \/>\n&#8211; 52% Airlume cotton, 48% polyester<br \/>\n&#8211; Athletic Heather: 90% cotton, 10% polyester<br \/>\n&#8211; Fabric weight: 142 g\/m\u00b2<br \/>\n&#8211; Comfortable, standard cut silhouette<br \/>\n&#8211; Side seams for better shape and durability<br \/>\n&#8211; Quality sewn V-neckline and sleeves<br \/>\n&#8211; Reinforced shoulder band for a more comfortable and durable fit<br \/>\n&#8211; Made in Nicaragua, Guatemala or USA<\/p>\n","protected":false},"excerpt":{"rendered":"<p>This versatile T-shirt with a classic V-neck will be as comfortable as your favourite shirt. &#8211; 100% soft, quality cotton &#8211; 52% Airlume cotton, 48% polyester &#8211; Athletic Heather: 90% cotton, 10% polyester &#8211; Fabric weight: 142 g\/m\u00b2 &#8211; Comfortable, standard cut silhouette &#8211; Side seams for better shape and durability &#8211; Quality sewn V-neckline [&hellip;]<\/p>\n","protected":false},"featured_media":1780,"template":"","meta":{"_acf_changed":false},"product_brand":[],"product_cat":[41],"product_tag":[],"class_list":{"0":"post-1800","1":"product","2":"type-product","3":"status-publish","4":"has-post-thumbnail","6":"product_cat-shirts","8":"first","9":"instock","10":"taxable","11":"shipping-taxable","12":"purchasable","13":"product-type-variable","14":"has-default-attributes"},"acf":[],"yoast_head":"<!-- This site is optimized with the Yoast SEO plugin v26.2 - https:\/\/yoast.com\/wordpress\/plugins\/seo\/ -->\n<title>Unisex T-shirt with V-neck | Spredd store | Spredd<\/title>\n<meta name=\"description\" content=\"This versatile T-shirt with a classic V-neck will be as comfortable as your favourite shirt. - 100% soft, quality cotton - 52% Airlume cotton, 48%\" \/>\n<meta name=\"robots\" content=\"index, follow, max-snippet:-1, max-image-preview:large, max-video-preview:-1\" \/>\n<link rel=\"canonical\" href=\"https:\/\/spredd.eu\/en\/product\/unisex-short-sleeve-v-neck-t-shirt\/\" \/>\n<meta property=\"og:locale\" content=\"en_US\" \/>\n<meta property=\"og:type\" content=\"article\" \/>\n<meta property=\"og:title\" content=\"Unisex T-shirt with V-neck | Spredd store | Spredd\" \/>\n<meta property=\"og:description\" content=\"This versatile T-shirt with a classic V-neck will be as comfortable as your favourite shirt. - 100% soft, quality cotton - 52% Airlume cotton, 48%\" \/>\n<meta property=\"og:url\" content=\"https:\/\/spredd.eu\/en\/product\/unisex-short-sleeve-v-neck-t-shirt\/\" \/>\n<meta property=\"og:site_name\" content=\"Spredd\" \/>\n<meta property=\"article:modified_time\" content=\"2025-12-08T08:00:52+00:00\" \/>\n<meta property=\"og:image\" content=\"https:\/\/spredd.eu\/wp-content\/uploads\/2025\/11\/unisex-v-neck-tee-white-front-6914a4567e6e9.jpg\" \/>\n\t<meta property=\"og:image:width\" content=\"1920\" \/>\n\t<meta property=\"og:image:height\" content=\"1920\" \/>\n\t<meta property=\"og:image:type\" content=\"image\/jpeg\" \/>\n<meta name=\"twitter:card\" content=\"summary_large_image\" \/>\n<script type=\"application\/ld+json\" class=\"yoast-schema-graph\">{\"@context\":\"https:\/\/schema.org\",\"@graph\":[{\"@type\":\"WebPage\",\"@id\":\"https:\/\/spredd.eu\/en\/product\/unisex-short-sleeve-v-neck-t-shirt\/\",\"url\":\"https:\/\/spredd.eu\/en\/product\/unisex-short-sleeve-v-neck-t-shirt\/\",\"name\":\"Unisex T-shirt with V-neck | Spredd store | Spredd\",\"isPartOf\":{\"@id\":\"https:\/\/spredd.eu\/en\/#website\"},\"primaryImageOfPage\":{\"@id\":\"https:\/\/spredd.eu\/en\/product\/unisex-short-sleeve-v-neck-t-shirt\/#primaryimage\"},\"image\":{\"@id\":\"https:\/\/spredd.eu\/en\/product\/unisex-short-sleeve-v-neck-t-shirt\/#primaryimage\"},\"thumbnailUrl\":\"https:\/\/spredd.eu\/wp-content\/uploads\/2025\/11\/unisex-v-neck-tee-white-front-6914a4567e6e9.jpg\",\"datePublished\":\"2025-11-12T15:14:50+00:00\",\"dateModified\":\"2025-12-08T08:00:52+00:00\",\"description\":\"This versatile T-shirt with a classic V-neck will be as comfortable as your favourite shirt. - 100% soft, quality cotton - 52% Airlume cotton, 48%\",\"breadcrumb\":{\"@id\":\"https:\/\/spredd.eu\/en\/product\/unisex-short-sleeve-v-neck-t-shirt\/#breadcrumb\"},\"inLanguage\":\"en-US\",\"potentialAction\":[{\"@type\":\"ReadAction\",\"target\":[\"https:\/\/spredd.eu\/en\/product\/unisex-short-sleeve-v-neck-t-shirt\/\"]}]},{\"@type\":\"ImageObject\",\"inLanguage\":\"en-US\",\"@id\":\"https:\/\/spredd.eu\/en\/product\/unisex-short-sleeve-v-neck-t-shirt\/#primaryimage\",\"url\":\"https:\/\/spredd.eu\/wp-content\/uploads\/2025\/11\/unisex-v-neck-tee-white-front-6914a4567e6e9.jpg\",\"contentUrl\":\"https:\/\/spredd.eu\/wp-content\/uploads\/2025\/11\/unisex-v-neck-tee-white-front-6914a4567e6e9.jpg\",\"width\":1920,\"height\":1920},{\"@type\":\"BreadcrumbList\",\"@id\":\"https:\/\/spredd.eu\/en\/product\/unisex-short-sleeve-v-neck-t-shirt\/#breadcrumb\",\"itemListElement\":[{\"@type\":\"ListItem\",\"position\":1,\"name\":\"Home\",\"item\":\"https:\/\/spredd.eu\/en\/\"},{\"@type\":\"ListItem\",\"position\":2,\"name\":\"Unisex T-shirt with V-neck\"}]},{\"@type\":\"WebSite\",\"@id\":\"https:\/\/spredd.eu\/en\/#website\",\"url\":\"https:\/\/spredd.eu\/en\/\",\"name\":\"Spredd\",\"description\":\"Video satura m\u0101rketinga a\u0123ent\u016bra\",\"publisher\":{\"@id\":\"https:\/\/spredd.eu\/en\/#organization\"},\"potentialAction\":[{\"@type\":\"SearchAction\",\"target\":{\"@type\":\"EntryPoint\",\"urlTemplate\":\"https:\/\/spredd.eu\/en\/?s={search_term_string}\"},\"query-input\":{\"@type\":\"PropertyValueSpecification\",\"valueRequired\":true,\"valueName\":\"search_term_string\"}}],\"inLanguage\":\"en-US\"},{\"@type\":\"Organization\",\"@id\":\"https:\/\/spredd.eu\/en\/#organization\",\"name\":\"Spredd\",\"alternateName\":\"Video satura m\u0101rketinga a\u0123ent\u016bra\",\"url\":\"https:\/\/spredd.eu\/en\/\",\"logo\":{\"@type\":\"ImageObject\",\"inLanguage\":\"en-US\",\"@id\":\"https:\/\/spredd.eu\/en\/#\/schema\/logo\/image\/\",\"url\":\"https:\/\/spredd.eu\/wp-content\/uploads\/2025\/09\/dark-logo.svg\",\"contentUrl\":\"https:\/\/spredd.eu\/wp-content\/uploads\/2025\/09\/dark-logo.svg\",\"width\":1,\"height\":1,\"caption\":\"Spredd\"},\"image\":{\"@id\":\"https:\/\/spredd.eu\/en\/#\/schema\/logo\/image\/\"}}]}<\/script>\n<!-- \/ Yoast SEO plugin. -->","yoast_head_json":{"title":"Unisex T-shirt with V-neck | Spredd store | Spredd","description":"This versatile T-shirt with a classic V-neck will be as comfortable as your favourite shirt. - 100% soft, quality cotton - 52% Airlume cotton, 48%","robots":{"index":"index","follow":"follow","max-snippet":"max-snippet:-1","max-image-preview":"max-image-preview:large","max-video-preview":"max-video-preview:-1"},"canonical":"https:\/\/spredd.eu\/en\/product\/unisex-short-sleeve-v-neck-t-shirt\/","og_locale":"en_US","og_type":"article","og_title":"Unisex T-shirt with V-neck | Spredd store | Spredd","og_description":"This versatile T-shirt with a classic V-neck will be as comfortable as your favourite shirt. - 100% soft, quality cotton - 52% Airlume cotton, 48%","og_url":"https:\/\/spredd.eu\/en\/product\/unisex-short-sleeve-v-neck-t-shirt\/","og_site_name":"Spredd","article_modified_time":"2025-12-08T08:00:52+00:00","og_image":[{"width":1920,"height":1920,"url":"https:\/\/spredd.eu\/wp-content\/uploads\/2025\/11\/unisex-v-neck-tee-white-front-6914a4567e6e9.jpg","type":"image\/jpeg"}],"twitter_card":"summary_large_image","schema":{"@context":"https:\/\/schema.org","@graph":[{"@type":"WebPage","@id":"https:\/\/spredd.eu\/en\/product\/unisex-short-sleeve-v-neck-t-shirt\/","url":"https:\/\/spredd.eu\/en\/product\/unisex-short-sleeve-v-neck-t-shirt\/","name":"Unisex T-shirt with V-neck | Spredd store | Spredd","isPartOf":{"@id":"https:\/\/spredd.eu\/en\/#website"},"primaryImageOfPage":{"@id":"https:\/\/spredd.eu\/en\/product\/unisex-short-sleeve-v-neck-t-shirt\/#primaryimage"},"image":{"@id":"https:\/\/spredd.eu\/en\/product\/unisex-short-sleeve-v-neck-t-shirt\/#primaryimage"},"thumbnailUrl":"https:\/\/spredd.eu\/wp-content\/uploads\/2025\/11\/unisex-v-neck-tee-white-front-6914a4567e6e9.jpg","datePublished":"2025-11-12T15:14:50+00:00","dateModified":"2025-12-08T08:00:52+00:00","description":"This versatile T-shirt with a classic V-neck will be as comfortable as your favourite shirt. - 100% soft, quality cotton - 52% Airlume cotton, 48%","breadcrumb":{"@id":"https:\/\/spredd.eu\/en\/product\/unisex-short-sleeve-v-neck-t-shirt\/#breadcrumb"},"inLanguage":"en-US","potentialAction":[{"@type":"ReadAction","target":["https:\/\/spredd.eu\/en\/product\/unisex-short-sleeve-v-neck-t-shirt\/"]}]},{"@type":"ImageObject","inLanguage":"en-US","@id":"https:\/\/spredd.eu\/en\/product\/unisex-short-sleeve-v-neck-t-shirt\/#primaryimage","url":"https:\/\/spredd.eu\/wp-content\/uploads\/2025\/11\/unisex-v-neck-tee-white-front-6914a4567e6e9.jpg","contentUrl":"https:\/\/spredd.eu\/wp-content\/uploads\/2025\/11\/unisex-v-neck-tee-white-front-6914a4567e6e9.jpg","width":1920,"height":1920},{"@type":"BreadcrumbList","@id":"https:\/\/spredd.eu\/en\/product\/unisex-short-sleeve-v-neck-t-shirt\/#breadcrumb","itemListElement":[{"@type":"ListItem","position":1,"name":"Home","item":"https:\/\/spredd.eu\/en\/"},{"@type":"ListItem","position":2,"name":"Unisex T-shirt with V-neck"}]},{"@type":"WebSite","@id":"https:\/\/spredd.eu\/en\/#website","url":"https:\/\/spredd.eu\/en\/","name":"Spredd","description":"Video satura m\u0101rketinga a\u0123ent\u016bra","publisher":{"@id":"https:\/\/spredd.eu\/en\/#organization"},"potentialAction":[{"@type":"SearchAction","target":{"@type":"EntryPoint","urlTemplate":"https:\/\/spredd.eu\/en\/?s={search_term_string}"},"query-input":{"@type":"PropertyValueSpecification","valueRequired":true,"valueName":"search_term_string"}}],"inLanguage":"en-US"},{"@type":"Organization","@id":"https:\/\/spredd.eu\/en\/#organization","name":"Spredd","alternateName":"Video satura m\u0101rketinga a\u0123ent\u016bra","url":"https:\/\/spredd.eu\/en\/","logo":{"@type":"ImageObject","inLanguage":"en-US","@id":"https:\/\/spredd.eu\/en\/#\/schema\/logo\/image\/","url":"https:\/\/spredd.eu\/wp-content\/uploads\/2025\/09\/dark-logo.svg","contentUrl":"https:\/\/spredd.eu\/wp-content\/uploads\/2025\/09\/dark-logo.svg","width":1,"height":1,"caption":"Spredd"},"image":{"@id":"https:\/\/spredd.eu\/en\/#\/schema\/logo\/image\/"}}]}},"_links":{"self":[{"href":"https:\/\/spredd.eu\/en\/wp-json\/wp\/v2\/product\/1800","targetHints":{"allow":["GET"]}}],"collection":[{"href":"https:\/\/spredd.eu\/en\/wp-json\/wp\/v2\/product"}],"about":[{"href":"https:\/\/spredd.eu\/en\/wp-json\/wp\/v2\/types\/product"}],"wp:featuredmedia":[{"embeddable":true,"href":"https:\/\/spredd.eu\/en\/wp-json\/wp\/v2\/media\/1780"}],"wp:attachment":[{"href":"https:\/\/spredd.eu\/en\/wp-json\/wp\/v2\/media?parent=1800"}],"wp:term":[{"taxonomy":"product_brand","embeddable":true,"href":"https:\/\/spredd.eu\/en\/wp-json\/wp\/v2\/product_brand?post=1800"},{"taxonomy":"product_cat","embeddable":true,"href":"https:\/\/spredd.eu\/en\/wp-json\/wp\/v2\/product_cat?post=1800"},{"taxonomy":"product_tag","embeddable":true,"href":"https:\/\/spredd.eu\/en\/wp-json\/wp\/v2\/product_tag?post=1800"}],"curies":[{"name":"wp","href":"https:\/\/api.w.org\/{rel}","templated":true}]}}