{"id":1857,"date":"2025-11-25T18:59:06","date_gmt":"2025-11-25T16:59:06","guid":{"rendered":"https:\/\/spredd.eu\/product\/unisex-t-shirt\/"},"modified":"2025-11-25T19:05:37","modified_gmt":"2025-11-25T17:05:37","slug":"unisex-t-shirt","status":"publish","type":"product","link":"https:\/\/spredd.eu\/en\/product\/unisex-t-shirt\/","title":{"rendered":"Unisex T-shirt with round neckline"},"content":{"rendered":"<p>Possibly the softest and most comfortable unisex T-shirt you&#8217;ve ever owned.<\/p>\n<p>&#8211; 100% combed and ring-spun cotton<br \/>\n&#8211; Heather Prism Lilac and Heather Prism Natural: 99% combed and ring-spun cotton, 1% polyester<br \/>\n&#8211; Athletic Heather: 90% combed and ring-spun cotton, 10% polyester<br \/>\n&#8211; Other Heather colours: 52% combed and ring-spun cotton, 48% polyester<br \/>\n&#8211; Fabric weight: 4.2 oz\/yd\u00b2 (142 g\/m\u00b2)<br \/>\n&#8211; Loose fit<br \/>\n&#8211; Anti-shrink treated fabric<br \/>\n&#8211; Side seams<br \/>\n&#8211; Classic round neckline<br \/>\n&#8211; Unprinted product is manufactured in Nicaragua, Honduras or USA<\/p>\n","protected":false},"excerpt":{"rendered":"<p>Possibly the softest and most comfortable unisex T-shirt you&#8217;ve ever owned. &#8211; 100% combed and ring-spun cotton &#8211; Heather Prism Lilac and Heather Prism Natural: 99% combed and ring-spun cotton, 1% polyester &#8211; Athletic Heather: 90% combed and ring-spun cotton, 10% polyester &#8211; Other Heather colours: 52% combed and ring-spun cotton, 48% polyester &#8211; Fabric [&hellip;]<\/p>\n","protected":false},"featured_media":1839,"template":"","meta":{"_acf_changed":false},"product_brand":[],"product_cat":[41],"product_tag":[],"class_list":{"0":"post-1857","1":"product","2":"type-product","3":"status-publish","4":"has-post-thumbnail","6":"product_cat-shirts","8":"first","9":"instock","10":"taxable","11":"shipping-taxable","12":"purchasable","13":"product-type-variable","14":"has-default-attributes"},"acf":[],"yoast_head":"<!-- This site is optimized with the Yoast SEO plugin v26.2 - https:\/\/yoast.com\/wordpress\/plugins\/seo\/ -->\n<title>Unisex T-shirt with round neckline | Spredd store | Spredd<\/title>\n<meta name=\"description\" content=\"Possibly the softest and most comfortable unisex T-shirt you&#039;ve ever owned. - 100% combed and ring-spun cotton - Heather Prism Lilac and Heather Prism\" \/>\n<meta name=\"robots\" content=\"index, follow, max-snippet:-1, max-image-preview:large, max-video-preview:-1\" \/>\n<link rel=\"canonical\" href=\"https:\/\/spredd.eu\/en\/product\/unisex-t-shirt\/\" \/>\n<meta property=\"og:locale\" content=\"en_US\" \/>\n<meta property=\"og:type\" content=\"article\" \/>\n<meta property=\"og:title\" content=\"Unisex T-shirt with round neckline | Spredd store | Spredd\" \/>\n<meta property=\"og:description\" content=\"Possibly the softest and most comfortable unisex T-shirt you&#039;ve ever owned. - 100% combed and ring-spun cotton - Heather Prism Lilac and Heather Prism\" \/>\n<meta property=\"og:url\" content=\"https:\/\/spredd.eu\/en\/product\/unisex-t-shirt\/\" \/>\n<meta property=\"og:site_name\" content=\"Spredd\" \/>\n<meta property=\"article:modified_time\" content=\"2025-11-25T17:05:37+00:00\" \/>\n<meta property=\"og:image\" content=\"https:\/\/spredd.eu\/wp-content\/uploads\/2025\/11\/womens-relaxed-t-shirt-white-front-6925e04dae2cc.jpg\" \/>\n\t<meta property=\"og:image:width\" content=\"1920\" \/>\n\t<meta property=\"og:image:height\" content=\"1920\" \/>\n\t<meta property=\"og:image:type\" content=\"image\/jpeg\" \/>\n<meta name=\"twitter:card\" content=\"summary_large_image\" \/>\n<script type=\"application\/ld+json\" class=\"yoast-schema-graph\">{\"@context\":\"https:\/\/schema.org\",\"@graph\":[{\"@type\":\"WebPage\",\"@id\":\"https:\/\/spredd.eu\/en\/product\/unisex-t-shirt\/\",\"url\":\"https:\/\/spredd.eu\/en\/product\/unisex-t-shirt\/\",\"name\":\"Unisex T-shirt with round neckline | Spredd store | Spredd\",\"isPartOf\":{\"@id\":\"https:\/\/spredd.eu\/en\/#website\"},\"primaryImageOfPage\":{\"@id\":\"https:\/\/spredd.eu\/en\/product\/unisex-t-shirt\/#primaryimage\"},\"image\":{\"@id\":\"https:\/\/spredd.eu\/en\/product\/unisex-t-shirt\/#primaryimage\"},\"thumbnailUrl\":\"https:\/\/spredd.eu\/wp-content\/uploads\/2025\/11\/womens-relaxed-t-shirt-white-front-6925e04dae2cc.jpg\",\"datePublished\":\"2025-11-25T16:59:06+00:00\",\"dateModified\":\"2025-11-25T17:05:37+00:00\",\"description\":\"Possibly the softest and most comfortable unisex T-shirt you've ever owned. - 100% combed and ring-spun cotton - Heather Prism Lilac and Heather Prism\",\"breadcrumb\":{\"@id\":\"https:\/\/spredd.eu\/en\/product\/unisex-t-shirt\/#breadcrumb\"},\"inLanguage\":\"en-US\",\"potentialAction\":[{\"@type\":\"ReadAction\",\"target\":[\"https:\/\/spredd.eu\/en\/product\/unisex-t-shirt\/\"]}]},{\"@type\":\"ImageObject\",\"inLanguage\":\"en-US\",\"@id\":\"https:\/\/spredd.eu\/en\/product\/unisex-t-shirt\/#primaryimage\",\"url\":\"https:\/\/spredd.eu\/wp-content\/uploads\/2025\/11\/womens-relaxed-t-shirt-white-front-6925e04dae2cc.jpg\",\"contentUrl\":\"https:\/\/spredd.eu\/wp-content\/uploads\/2025\/11\/womens-relaxed-t-shirt-white-front-6925e04dae2cc.jpg\",\"width\":1920,\"height\":1920},{\"@type\":\"BreadcrumbList\",\"@id\":\"https:\/\/spredd.eu\/en\/product\/unisex-t-shirt\/#breadcrumb\",\"itemListElement\":[{\"@type\":\"ListItem\",\"position\":1,\"name\":\"Home\",\"item\":\"https:\/\/spredd.eu\/en\/\"},{\"@type\":\"ListItem\",\"position\":2,\"name\":\"Unisex T-shirt with round neckline\"}]},{\"@type\":\"WebSite\",\"@id\":\"https:\/\/spredd.eu\/en\/#website\",\"url\":\"https:\/\/spredd.eu\/en\/\",\"name\":\"Spredd\",\"description\":\"Video satura m\u0101rketinga a\u0123ent\u016bra\",\"publisher\":{\"@id\":\"https:\/\/spredd.eu\/en\/#organization\"},\"potentialAction\":[{\"@type\":\"SearchAction\",\"target\":{\"@type\":\"EntryPoint\",\"urlTemplate\":\"https:\/\/spredd.eu\/en\/?s={search_term_string}\"},\"query-input\":{\"@type\":\"PropertyValueSpecification\",\"valueRequired\":true,\"valueName\":\"search_term_string\"}}],\"inLanguage\":\"en-US\"},{\"@type\":\"Organization\",\"@id\":\"https:\/\/spredd.eu\/en\/#organization\",\"name\":\"Spredd\",\"alternateName\":\"Video satura m\u0101rketinga a\u0123ent\u016bra\",\"url\":\"https:\/\/spredd.eu\/en\/\",\"logo\":{\"@type\":\"ImageObject\",\"inLanguage\":\"en-US\",\"@id\":\"https:\/\/spredd.eu\/en\/#\/schema\/logo\/image\/\",\"url\":\"https:\/\/spredd.eu\/wp-content\/uploads\/2025\/09\/dark-logo.svg\",\"contentUrl\":\"https:\/\/spredd.eu\/wp-content\/uploads\/2025\/09\/dark-logo.svg\",\"width\":1,\"height\":1,\"caption\":\"Spredd\"},\"image\":{\"@id\":\"https:\/\/spredd.eu\/en\/#\/schema\/logo\/image\/\"}}]}<\/script>\n<!-- \/ Yoast SEO plugin. -->","yoast_head_json":{"title":"Unisex T-shirt with round neckline | Spredd store | Spredd","description":"Possibly the softest and most comfortable unisex T-shirt you've ever owned. - 100% combed and ring-spun cotton - Heather Prism Lilac and Heather Prism","robots":{"index":"index","follow":"follow","max-snippet":"max-snippet:-1","max-image-preview":"max-image-preview:large","max-video-preview":"max-video-preview:-1"},"canonical":"https:\/\/spredd.eu\/en\/product\/unisex-t-shirt\/","og_locale":"en_US","og_type":"article","og_title":"Unisex T-shirt with round neckline | Spredd store | Spredd","og_description":"Possibly the softest and most comfortable unisex T-shirt you've ever owned. - 100% combed and ring-spun cotton - Heather Prism Lilac and Heather Prism","og_url":"https:\/\/spredd.eu\/en\/product\/unisex-t-shirt\/","og_site_name":"Spredd","article_modified_time":"2025-11-25T17:05:37+00:00","og_image":[{"width":1920,"height":1920,"url":"https:\/\/spredd.eu\/wp-content\/uploads\/2025\/11\/womens-relaxed-t-shirt-white-front-6925e04dae2cc.jpg","type":"image\/jpeg"}],"twitter_card":"summary_large_image","schema":{"@context":"https:\/\/schema.org","@graph":[{"@type":"WebPage","@id":"https:\/\/spredd.eu\/en\/product\/unisex-t-shirt\/","url":"https:\/\/spredd.eu\/en\/product\/unisex-t-shirt\/","name":"Unisex T-shirt with round neckline | Spredd store | Spredd","isPartOf":{"@id":"https:\/\/spredd.eu\/en\/#website"},"primaryImageOfPage":{"@id":"https:\/\/spredd.eu\/en\/product\/unisex-t-shirt\/#primaryimage"},"image":{"@id":"https:\/\/spredd.eu\/en\/product\/unisex-t-shirt\/#primaryimage"},"thumbnailUrl":"https:\/\/spredd.eu\/wp-content\/uploads\/2025\/11\/womens-relaxed-t-shirt-white-front-6925e04dae2cc.jpg","datePublished":"2025-11-25T16:59:06+00:00","dateModified":"2025-11-25T17:05:37+00:00","description":"Possibly the softest and most comfortable unisex T-shirt you've ever owned. - 100% combed and ring-spun cotton - Heather Prism Lilac and Heather Prism","breadcrumb":{"@id":"https:\/\/spredd.eu\/en\/product\/unisex-t-shirt\/#breadcrumb"},"inLanguage":"en-US","potentialAction":[{"@type":"ReadAction","target":["https:\/\/spredd.eu\/en\/product\/unisex-t-shirt\/"]}]},{"@type":"ImageObject","inLanguage":"en-US","@id":"https:\/\/spredd.eu\/en\/product\/unisex-t-shirt\/#primaryimage","url":"https:\/\/spredd.eu\/wp-content\/uploads\/2025\/11\/womens-relaxed-t-shirt-white-front-6925e04dae2cc.jpg","contentUrl":"https:\/\/spredd.eu\/wp-content\/uploads\/2025\/11\/womens-relaxed-t-shirt-white-front-6925e04dae2cc.jpg","width":1920,"height":1920},{"@type":"BreadcrumbList","@id":"https:\/\/spredd.eu\/en\/product\/unisex-t-shirt\/#breadcrumb","itemListElement":[{"@type":"ListItem","position":1,"name":"Home","item":"https:\/\/spredd.eu\/en\/"},{"@type":"ListItem","position":2,"name":"Unisex T-shirt with round neckline"}]},{"@type":"WebSite","@id":"https:\/\/spredd.eu\/en\/#website","url":"https:\/\/spredd.eu\/en\/","name":"Spredd","description":"Video satura m\u0101rketinga a\u0123ent\u016bra","publisher":{"@id":"https:\/\/spredd.eu\/en\/#organization"},"potentialAction":[{"@type":"SearchAction","target":{"@type":"EntryPoint","urlTemplate":"https:\/\/spredd.eu\/en\/?s={search_term_string}"},"query-input":{"@type":"PropertyValueSpecification","valueRequired":true,"valueName":"search_term_string"}}],"inLanguage":"en-US"},{"@type":"Organization","@id":"https:\/\/spredd.eu\/en\/#organization","name":"Spredd","alternateName":"Video satura m\u0101rketinga a\u0123ent\u016bra","url":"https:\/\/spredd.eu\/en\/","logo":{"@type":"ImageObject","inLanguage":"en-US","@id":"https:\/\/spredd.eu\/en\/#\/schema\/logo\/image\/","url":"https:\/\/spredd.eu\/wp-content\/uploads\/2025\/09\/dark-logo.svg","contentUrl":"https:\/\/spredd.eu\/wp-content\/uploads\/2025\/09\/dark-logo.svg","width":1,"height":1,"caption":"Spredd"},"image":{"@id":"https:\/\/spredd.eu\/en\/#\/schema\/logo\/image\/"}}]}},"_links":{"self":[{"href":"https:\/\/spredd.eu\/en\/wp-json\/wp\/v2\/product\/1857","targetHints":{"allow":["GET"]}}],"collection":[{"href":"https:\/\/spredd.eu\/en\/wp-json\/wp\/v2\/product"}],"about":[{"href":"https:\/\/spredd.eu\/en\/wp-json\/wp\/v2\/types\/product"}],"wp:featuredmedia":[{"embeddable":true,"href":"https:\/\/spredd.eu\/en\/wp-json\/wp\/v2\/media\/1839"}],"wp:attachment":[{"href":"https:\/\/spredd.eu\/en\/wp-json\/wp\/v2\/media?parent=1857"}],"wp:term":[{"taxonomy":"product_brand","embeddable":true,"href":"https:\/\/spredd.eu\/en\/wp-json\/wp\/v2\/product_brand?post=1857"},{"taxonomy":"product_cat","embeddable":true,"href":"https:\/\/spredd.eu\/en\/wp-json\/wp\/v2\/product_cat?post=1857"},{"taxonomy":"product_tag","embeddable":true,"href":"https:\/\/spredd.eu\/en\/wp-json\/wp\/v2\/product_tag?post=1857"}],"curies":[{"name":"wp","href":"https:\/\/api.w.org\/{rel}","templated":true}]}}