{"id":1420,"date":"2025-10-03T05:13:11","date_gmt":"2025-10-03T02:13:11","guid":{"rendered":"https:\/\/spredd.eu\/profils\/"},"modified":"2025-10-19T12:56:08","modified_gmt":"2025-10-19T09:56:08","slug":"%d0%bf%d1%80%d0%be%d1%84%d0%b8%d0%bb%d1%8c","status":"publish","type":"page","link":"https:\/\/spredd.eu\/ru\/%d0%bf%d1%80%d0%be%d1%84%d0%b8%d0%bb%d1%8c\/","title":{"rendered":"\u041f\u0440\u043e\u0444\u0438\u043b\u044c"},"content":{"rendered":"","protected":false},"excerpt":{"rendered":"","protected":false},"author":1,"featured_media":0,"parent":0,"menu_order":0,"comment_status":"closed","ping_status":"closed","template":"builder.php","meta":{"_acf_changed":false},"class_list":["post-1420","page","type-page","status-publish","hentry"],"acf":[],"yoast_head":"<!-- This site is optimized with the Yoast SEO plugin v26.2 - https:\/\/yoast.com\/wordpress\/plugins\/seo\/ -->\n<title>\u041f\u0440\u043e\u0444\u0438\u043b\u044c | Spredd<\/title>\n<meta name=\"description\" content=\"Spredd ir video satura m\u0101rketinga a\u0123ent\u016bra, kas pal\u012bdz vid\u0113ja lieluma uz\u0146\u0113mumiem rad\u012bt saturu soci\u0101lajos t\u012bklos, kas piesaista auditoriju un veicina p\u0101rdo\u0161anu.\" \/>\n<meta name=\"robots\" content=\"index, follow, max-snippet:-1, max-image-preview:large, max-video-preview:-1\" \/>\n<link rel=\"canonical\" href=\"https:\/\/spredd.eu\/ru\/%d0%bf%d1%80%d0%be%d1%84%d0%b8%d0%bb%d1%8c\/\" \/>\n<meta property=\"og:locale\" content=\"ru_RU\" \/>\n<meta property=\"og:type\" content=\"article\" \/>\n<meta property=\"og:title\" content=\"\u041f\u0440\u043e\u0444\u0438\u043b\u044c | Spredd\" \/>\n<meta property=\"og:description\" content=\"Spredd ir video satura m\u0101rketinga a\u0123ent\u016bra, kas pal\u012bdz vid\u0113ja lieluma uz\u0146\u0113mumiem rad\u012bt saturu soci\u0101lajos t\u012bklos, kas piesaista auditoriju un veicina p\u0101rdo\u0161anu.\" \/>\n<meta property=\"og:url\" content=\"https:\/\/spredd.eu\/ru\/%d0%bf%d1%80%d0%be%d1%84%d0%b8%d0%bb%d1%8c\/\" \/>\n<meta property=\"og:site_name\" content=\"Spredd\" \/>\n<meta property=\"article:modified_time\" content=\"2025-10-19T09:56:08+00:00\" \/>\n<meta property=\"og:image\" content=\"https:\/\/spredd.eu\/wp-content\/uploads\/2025\/09\/featured-image-fallback.jpg\" \/>\n\t<meta property=\"og:image:width\" content=\"1200\" \/>\n\t<meta property=\"og:image:height\" content=\"675\" \/>\n\t<meta property=\"og:image:type\" content=\"image\/jpeg\" \/>\n<meta name=\"twitter:card\" content=\"summary_large_image\" \/>\n<script type=\"application\/ld+json\" class=\"yoast-schema-graph\">{\"@context\":\"https:\/\/schema.org\",\"@graph\":[{\"@type\":\"WebPage\",\"@id\":\"https:\/\/spredd.eu\/ru\/%d0%bf%d1%80%d0%be%d1%84%d0%b8%d0%bb%d1%8c\/\",\"url\":\"https:\/\/spredd.eu\/ru\/%d0%bf%d1%80%d0%be%d1%84%d0%b8%d0%bb%d1%8c\/\",\"name\":\"\u041f\u0440\u043e\u0444\u0438\u043b\u044c | Spredd\",\"isPartOf\":{\"@id\":\"https:\/\/spredd.eu\/ru\/#website\"},\"datePublished\":\"2025-10-03T02:13:11+00:00\",\"dateModified\":\"2025-10-19T09:56:08+00:00\",\"description\":\"Spredd ir video satura m\u0101rketinga a\u0123ent\u016bra, kas pal\u012bdz vid\u0113ja lieluma uz\u0146\u0113mumiem rad\u012bt saturu soci\u0101lajos t\u012bklos, kas piesaista auditoriju un veicina p\u0101rdo\u0161anu.\",\"breadcrumb\":{\"@id\":\"https:\/\/spredd.eu\/ru\/%d0%bf%d1%80%d0%be%d1%84%d0%b8%d0%bb%d1%8c\/#breadcrumb\"},\"inLanguage\":\"ru-RU\",\"potentialAction\":[{\"@type\":\"ReadAction\",\"target\":[\"https:\/\/spredd.eu\/ru\/%d0%bf%d1%80%d0%be%d1%84%d0%b8%d0%bb%d1%8c\/\"]}]},{\"@type\":\"BreadcrumbList\",\"@id\":\"https:\/\/spredd.eu\/ru\/%d0%bf%d1%80%d0%be%d1%84%d0%b8%d0%bb%d1%8c\/#breadcrumb\",\"itemListElement\":[{\"@type\":\"ListItem\",\"position\":1,\"name\":\"Home\",\"item\":\"https:\/\/spredd.eu\/ru\/\"},{\"@type\":\"ListItem\",\"position\":2,\"name\":\"\u041f\u0440\u043e\u0444\u0438\u043b\u044c\"}]},{\"@type\":\"WebSite\",\"@id\":\"https:\/\/spredd.eu\/ru\/#website\",\"url\":\"https:\/\/spredd.eu\/ru\/\",\"name\":\"Spredd\",\"description\":\"Video satura m\u0101rketinga a\u0123ent\u016bra\",\"publisher\":{\"@id\":\"https:\/\/spredd.eu\/ru\/#organization\"},\"potentialAction\":[{\"@type\":\"SearchAction\",\"target\":{\"@type\":\"EntryPoint\",\"urlTemplate\":\"https:\/\/spredd.eu\/ru\/?s={search_term_string}\"},\"query-input\":{\"@type\":\"PropertyValueSpecification\",\"valueRequired\":true,\"valueName\":\"search_term_string\"}}],\"inLanguage\":\"ru-RU\"},{\"@type\":\"Organization\",\"@id\":\"https:\/\/spredd.eu\/ru\/#organization\",\"name\":\"Spredd\",\"alternateName\":\"Video satura m\u0101rketinga a\u0123ent\u016bra\",\"url\":\"https:\/\/spredd.eu\/ru\/\",\"logo\":{\"@type\":\"ImageObject\",\"inLanguage\":\"ru-RU\",\"@id\":\"https:\/\/spredd.eu\/ru\/#\/schema\/logo\/image\/\",\"url\":\"https:\/\/spredd.eu\/wp-content\/uploads\/2025\/09\/dark-logo.svg\",\"contentUrl\":\"https:\/\/spredd.eu\/wp-content\/uploads\/2025\/09\/dark-logo.svg\",\"width\":1,\"height\":1,\"caption\":\"Spredd\"},\"image\":{\"@id\":\"https:\/\/spredd.eu\/ru\/#\/schema\/logo\/image\/\"}}]}<\/script>\n<!-- \/ Yoast SEO plugin. -->","yoast_head_json":{"title":"\u041f\u0440\u043e\u0444\u0438\u043b\u044c | Spredd","description":"Spredd ir video satura m\u0101rketinga a\u0123ent\u016bra, kas pal\u012bdz vid\u0113ja lieluma uz\u0146\u0113mumiem rad\u012bt saturu soci\u0101lajos t\u012bklos, kas piesaista auditoriju un veicina p\u0101rdo\u0161anu.","robots":{"index":"index","follow":"follow","max-snippet":"max-snippet:-1","max-image-preview":"max-image-preview:large","max-video-preview":"max-video-preview:-1"},"canonical":"https:\/\/spredd.eu\/ru\/%d0%bf%d1%80%d0%be%d1%84%d0%b8%d0%bb%d1%8c\/","og_locale":"ru_RU","og_type":"article","og_title":"\u041f\u0440\u043e\u0444\u0438\u043b\u044c | Spredd","og_description":"Spredd ir video satura m\u0101rketinga a\u0123ent\u016bra, kas pal\u012bdz vid\u0113ja lieluma uz\u0146\u0113mumiem rad\u012bt saturu soci\u0101lajos t\u012bklos, kas piesaista auditoriju un veicina p\u0101rdo\u0161anu.","og_url":"https:\/\/spredd.eu\/ru\/%d0%bf%d1%80%d0%be%d1%84%d0%b8%d0%bb%d1%8c\/","og_site_name":"Spredd","article_modified_time":"2025-10-19T09:56:08+00:00","og_image":[{"width":1200,"height":675,"url":"https:\/\/spredd.eu\/wp-content\/uploads\/2025\/09\/featured-image-fallback.jpg","type":"image\/jpeg"}],"twitter_card":"summary_large_image","schema":{"@context":"https:\/\/schema.org","@graph":[{"@type":"WebPage","@id":"https:\/\/spredd.eu\/ru\/%d0%bf%d1%80%d0%be%d1%84%d0%b8%d0%bb%d1%8c\/","url":"https:\/\/spredd.eu\/ru\/%d0%bf%d1%80%d0%be%d1%84%d0%b8%d0%bb%d1%8c\/","name":"\u041f\u0440\u043e\u0444\u0438\u043b\u044c | Spredd","isPartOf":{"@id":"https:\/\/spredd.eu\/ru\/#website"},"datePublished":"2025-10-03T02:13:11+00:00","dateModified":"2025-10-19T09:56:08+00:00","description":"Spredd ir video satura m\u0101rketinga a\u0123ent\u016bra, kas pal\u012bdz vid\u0113ja lieluma uz\u0146\u0113mumiem rad\u012bt saturu soci\u0101lajos t\u012bklos, kas piesaista auditoriju un veicina p\u0101rdo\u0161anu.","breadcrumb":{"@id":"https:\/\/spredd.eu\/ru\/%d0%bf%d1%80%d0%be%d1%84%d0%b8%d0%bb%d1%8c\/#breadcrumb"},"inLanguage":"ru-RU","potentialAction":[{"@type":"ReadAction","target":["https:\/\/spredd.eu\/ru\/%d0%bf%d1%80%d0%be%d1%84%d0%b8%d0%bb%d1%8c\/"]}]},{"@type":"BreadcrumbList","@id":"https:\/\/spredd.eu\/ru\/%d0%bf%d1%80%d0%be%d1%84%d0%b8%d0%bb%d1%8c\/#breadcrumb","itemListElement":[{"@type":"ListItem","position":1,"name":"Home","item":"https:\/\/spredd.eu\/ru\/"},{"@type":"ListItem","position":2,"name":"\u041f\u0440\u043e\u0444\u0438\u043b\u044c"}]},{"@type":"WebSite","@id":"https:\/\/spredd.eu\/ru\/#website","url":"https:\/\/spredd.eu\/ru\/","name":"Spredd","description":"Video satura m\u0101rketinga a\u0123ent\u016bra","publisher":{"@id":"https:\/\/spredd.eu\/ru\/#organization"},"potentialAction":[{"@type":"SearchAction","target":{"@type":"EntryPoint","urlTemplate":"https:\/\/spredd.eu\/ru\/?s={search_term_string}"},"query-input":{"@type":"PropertyValueSpecification","valueRequired":true,"valueName":"search_term_string"}}],"inLanguage":"ru-RU"},{"@type":"Organization","@id":"https:\/\/spredd.eu\/ru\/#organization","name":"Spredd","alternateName":"Video satura m\u0101rketinga a\u0123ent\u016bra","url":"https:\/\/spredd.eu\/ru\/","logo":{"@type":"ImageObject","inLanguage":"ru-RU","@id":"https:\/\/spredd.eu\/ru\/#\/schema\/logo\/image\/","url":"https:\/\/spredd.eu\/wp-content\/uploads\/2025\/09\/dark-logo.svg","contentUrl":"https:\/\/spredd.eu\/wp-content\/uploads\/2025\/09\/dark-logo.svg","width":1,"height":1,"caption":"Spredd"},"image":{"@id":"https:\/\/spredd.eu\/ru\/#\/schema\/logo\/image\/"}}]}},"_links":{"self":[{"href":"https:\/\/spredd.eu\/ru\/wp-json\/wp\/v2\/pages\/1420","targetHints":{"allow":["GET"]}}],"collection":[{"href":"https:\/\/spredd.eu\/ru\/wp-json\/wp\/v2\/pages"}],"about":[{"href":"https:\/\/spredd.eu\/ru\/wp-json\/wp\/v2\/types\/page"}],"author":[{"embeddable":true,"href":"https:\/\/spredd.eu\/ru\/wp-json\/wp\/v2\/users\/1"}],"replies":[{"embeddable":true,"href":"https:\/\/spredd.eu\/ru\/wp-json\/wp\/v2\/comments?post=1420"}],"version-history":[{"count":1,"href":"https:\/\/spredd.eu\/ru\/wp-json\/wp\/v2\/pages\/1420\/revisions"}],"predecessor-version":[{"id":1435,"href":"https:\/\/spredd.eu\/ru\/wp-json\/wp\/v2\/pages\/1420\/revisions\/1435"}],"wp:attachment":[{"href":"https:\/\/spredd.eu\/ru\/wp-json\/wp\/v2\/media?parent=1420"}],"curies":[{"name":"wp","href":"https:\/\/api.w.org\/{rel}","templated":true}]}}