{"id":1422,"date":"2025-09-30T15:56:17","date_gmt":"2025-09-30T12:56:17","guid":{"rendered":"https:\/\/spredd.eu\/grozs\/"},"modified":"2025-10-19T12:57:03","modified_gmt":"2025-10-19T09:57:03","slug":"%d0%ba%d0%be%d1%80%d0%b7%d0%b8%d0%bd%d0%b0","status":"publish","type":"page","link":"https:\/\/spredd.eu\/ru\/%d0%ba%d0%be%d1%80%d0%b7%d0%b8%d0%bd%d0%b0\/","title":{"rendered":"\u041a\u043e\u0440\u0437\u0438\u043d\u0430"},"content":{"rendered":"\n<div data-block-name=\"woocommerce\/cart\" class=\"wp-block-woocommerce-cart alignwide is-loading\">\n<div data-block-name=\"woocommerce\/filled-cart-block\" class=\"wp-block-woocommerce-filled-cart-block\">\n<div data-block-name=\"woocommerce\/cart-items-block\" class=\"wp-block-woocommerce-cart-items-block\">\n<div data-block-name=\"woocommerce\/cart-line-items-block\" class=\"wp-block-woocommerce-cart-line-items-block\"><\/div>\n\n\n<\/div>\n\n\n\n\n<div data-block-name=\"woocommerce\/cart-totals-block\" class=\"wp-block-woocommerce-cart-totals-block\">\n<div data-block-name=\"woocommerce\/cart-order-summary-block\" class=\"wp-block-woocommerce-cart-order-summary-block\">\n<div data-block-name=\"woocommerce\/cart-order-summary-heading-block\" class=\"wp-block-woocommerce-cart-order-summary-heading-block\"><\/div><div data-block-name=\"woocommerce\/cart-order-summary-coupon-form-block\" class=\"wp-block-woocommerce-cart-order-summary-coupon-form-block\"><\/div><div data-block-name=\"woocommerce\/cart-order-summary-totals-block\" class=\"wp-block-woocommerce-cart-order-summary-totals-block\">\n<div data-block-name=\"woocommerce\/cart-order-summary-subtotal-block\" class=\"wp-block-woocommerce-cart-order-summary-subtotal-block\"><\/div>\n<div data-block-name=\"woocommerce\/cart-order-summary-discount-block\" class=\"wp-block-woocommerce-cart-order-summary-discount-block\"><\/div>\n<div data-block-name=\"woocommerce\/cart-order-summary-fee-block\" class=\"wp-block-woocommerce-cart-order-summary-fee-block\"><\/div>\n<div data-block-name=\"woocommerce\/cart-order-summary-shipping-block\" class=\"wp-block-woocommerce-cart-order-summary-shipping-block\"><\/div>\n<div data-block-name=\"woocommerce\/cart-order-summary-taxes-block\" class=\"wp-block-woocommerce-cart-order-summary-taxes-block\"><\/div><\/div>\n<\/div>\n\n\n\n<div data-block-name=\"woocommerce\/cart-express-payment-block\" class=\"wp-block-woocommerce-cart-express-payment-block\"><\/div>\n\n\n\n<div data-block-name=\"woocommerce\/proceed-to-checkout-block\" class=\"wp-block-woocommerce-proceed-to-checkout-block\"><\/div>\n\n\n\n<div data-block-name=\"woocommerce\/cart-accepted-payment-methods-block\" class=\"wp-block-woocommerce-cart-accepted-payment-methods-block\"><\/div>\n<\/div>\n<\/div>\n\n\n\n<div data-block-name=\"woocommerce\/empty-cart-block\" class=\"wp-block-woocommerce-empty-cart-block\">\n<h2 class=\"wp-block-heading has-text-align-center with-empty-cart-icon wc-block-cart__empty-cart__title\">Your cart is currently empty!<\/h2>\n\n\n\n<hr class=\"wp-block-separator has-alpha-channel-opacity is-style-dots\"\/>\n\n\n\n<h2 class=\"wp-block-heading has-text-align-center\">New in store<\/h2>\n\n\n<div data-block-name=\"woocommerce\/product-new\" data-columns=\"4\" data-rows=\"1\" class=\"wc-block-grid wp-block-product-new wp-block-woocommerce-product-new wc-block-product-new has-4-columns\"><ul class=\"wc-block-grid__products\"><li class=\"wc-block-grid__product\">\n\t\t\t\t<a href=\"https:\/\/spredd.eu\/ru\/\u043f\u0440\u043e\u0434\u0443\u043a\u0442\/%d1%84%d1%83%d1%82%d0%b1%d0%be%d0%bb%d0%ba%d0%b0-%d1%83%d0%bd%d0%b8%d1%81%d0%b5%d0%ba%d1%81-%d1%81-%d0%ba%d1%80%d1%83%d0%b3%d0%bb%d1%8b%d0%bc-%d0%b2%d1%8b%d1%80%d0%b5%d0%b7%d0%be%d0%bc\/\" class=\"wc-block-grid__product-link\">\n\t\t\t\t\t\n\t\t\t\t\t<div class=\"wc-block-grid__product-image\"><img loading=\"lazy\" decoding=\"async\" width=\"300\" height=\"300\" src=\"https:\/\/spredd.eu\/wp-content\/uploads\/2025\/11\/unisex-garment-dyed-heavyweight-t-shirt-white-front-6925e490bc1ed-300x300.jpg\" class=\"attachment-woocommerce_thumbnail size-woocommerce_thumbnail\" alt=\"\u0424\u0443\u0442\u0431\u043e\u043b\u043a\u0430 \u0443\u043d\u0438\u0441\u0435\u043a\u0441 \u0441 \u043a\u0440\u0443\u0433\u043b\u044b\u043c \u0432\u044b\u0440\u0435\u0437\u043e\u043c\" srcset=\"https:\/\/spredd.eu\/wp-content\/uploads\/2025\/11\/unisex-garment-dyed-heavyweight-t-shirt-white-front-6925e490bc1ed-300x300.jpg 300w, https:\/\/spredd.eu\/wp-content\/uploads\/2025\/11\/unisex-garment-dyed-heavyweight-t-shirt-white-front-6925e490bc1ed-1024x1024.jpg 1024w, https:\/\/spredd.eu\/wp-content\/uploads\/2025\/11\/unisex-garment-dyed-heavyweight-t-shirt-white-front-6925e490bc1ed-150x150.jpg 150w, https:\/\/spredd.eu\/wp-content\/uploads\/2025\/11\/unisex-garment-dyed-heavyweight-t-shirt-white-front-6925e490bc1ed-768x768.jpg 768w, https:\/\/spredd.eu\/wp-content\/uploads\/2025\/11\/unisex-garment-dyed-heavyweight-t-shirt-white-front-6925e490bc1ed-1536x1536.jpg 1536w, https:\/\/spredd.eu\/wp-content\/uploads\/2025\/11\/unisex-garment-dyed-heavyweight-t-shirt-white-front-6925e490bc1ed-600x600.jpg 600w, https:\/\/spredd.eu\/wp-content\/uploads\/2025\/11\/unisex-garment-dyed-heavyweight-t-shirt-white-front-6925e490bc1ed-100x100.jpg 100w, https:\/\/spredd.eu\/wp-content\/uploads\/2025\/11\/unisex-garment-dyed-heavyweight-t-shirt-white-front-6925e490bc1ed.jpg 1920w\" sizes=\"auto, (max-width: 300px) 100vw, 300px\" \/><\/div>\n\t\t\t\t\t<div class=\"wc-block-grid__product-title\">\u0424\u0443\u0442\u0431\u043e\u043b\u043a\u0430 \u0443\u043d\u0438\u0441\u0435\u043a\u0441 \u0441 \u043a\u0440\u0443\u0433\u043b\u044b\u043c \u0432\u044b\u0440\u0435\u0437\u043e\u043c<\/div>\n\t\t\t\t<\/a>\n\t\t\t\t<div class=\"wc-block-grid__product-price price\"><span class=\"woocommerce-Price-amount amount\" aria-hidden=\"true\">22,00&nbsp;<span class=\"woocommerce-Price-currencySymbol\">&euro;<\/span><\/span> <span aria-hidden=\"true\">&ndash;<\/span> <span class=\"woocommerce-Price-amount amount\" aria-hidden=\"true\">23,50&nbsp;<span class=\"woocommerce-Price-currencySymbol\">&euro;<\/span><\/span><span class=\"screen-reader-text\">\u0414\u0438\u0430\u043f\u0430\u0437\u043e\u043d \u0446\u0435\u043d: 22,00&nbsp;&euro; \u2013 23,50&nbsp;&euro;<\/span> <small class=\"woocommerce-price-suffix\">iesk. PVN<\/small><\/div>\n\t\t\t\t\n\t\t\t\t<div class=\"wp-block-button wc-block-grid__product-add-to-cart\"><a href=\"https:\/\/spredd.eu\/ru\/\u043f\u0440\u043e\u0434\u0443\u043a\u0442\/%d1%84%d1%83%d1%82%d0%b1%d0%be%d0%bb%d0%ba%d0%b0-%d1%83%d0%bd%d0%b8%d1%81%d0%b5%d0%ba%d1%81-%d1%81-%d0%ba%d1%80%d1%83%d0%b3%d0%bb%d1%8b%d0%bc-%d0%b2%d1%8b%d1%80%d0%b5%d0%b7%d0%be%d0%bc\/\" aria-label=\"\u0412\u044b\u0431\u0435\u0440\u0438\u0442\u0435 \u043e\u043f\u0446\u0438\u0438 \u0434\u043b\u044f &ldquo;\u0424\u0443\u0442\u0431\u043e\u043b\u043a\u0430 \u0443\u043d\u0438\u0441\u0435\u043a\u0441 \u0441 \u043a\u0440\u0443\u0433\u043b\u044b\u043c \u0432\u044b\u0440\u0435\u0437\u043e\u043c&rdquo;\" data-quantity=\"1\" data-product_id=\"1882\" data-product_sku=\"\" data-price=\"22\" rel=\"nofollow\" class=\"wp-block-button__link  add_to_cart_button\">\u0412\u044b\u0431\u0435\u0440\u0438\u0442\u0435 \u043f\u0430\u0440\u0430\u043c\u0435\u0442\u0440\u044b<\/a><\/div>\n\t\t\t<\/li><li class=\"wc-block-grid__product\">\n\t\t\t\t<a href=\"https:\/\/spredd.eu\/ru\/\u043f\u0440\u043e\u0434\u0443\u043a\u0442\/%d1%84%d1%83%d1%82%d0%b1%d0%be%d0%bb%d0%ba%d0%b0-%d1%83%d0%bd%d0%b8%d1%81%d0%b5%d0%ba%d1%81\/\" class=\"wc-block-grid__product-link\">\n\t\t\t\t\t\n\t\t\t\t\t<div class=\"wc-block-grid__product-image\"><img loading=\"lazy\" decoding=\"async\" width=\"300\" height=\"300\" src=\"https:\/\/spredd.eu\/wp-content\/uploads\/2025\/11\/womens-relaxed-t-shirt-white-front-6925e04dae2cc-300x300.jpg\" class=\"attachment-woocommerce_thumbnail size-woocommerce_thumbnail\" alt=\"\u0424\u0443\u0442\u0431\u043e\u043b\u043a\u0430 \u0443\u043d\u0438\u0441\u0435\u043a\u0441 \u0441 \u043a\u0440\u0443\u0433\u043b\u044b\u043c \u0432\u044b\u0440\u0435\u0437\u043e\u043c\" srcset=\"https:\/\/spredd.eu\/wp-content\/uploads\/2025\/11\/womens-relaxed-t-shirt-white-front-6925e04dae2cc-300x300.jpg 300w, https:\/\/spredd.eu\/wp-content\/uploads\/2025\/11\/womens-relaxed-t-shirt-white-front-6925e04dae2cc-1024x1024.jpg 1024w, https:\/\/spredd.eu\/wp-content\/uploads\/2025\/11\/womens-relaxed-t-shirt-white-front-6925e04dae2cc-150x150.jpg 150w, https:\/\/spredd.eu\/wp-content\/uploads\/2025\/11\/womens-relaxed-t-shirt-white-front-6925e04dae2cc-768x768.jpg 768w, https:\/\/spredd.eu\/wp-content\/uploads\/2025\/11\/womens-relaxed-t-shirt-white-front-6925e04dae2cc-1536x1536.jpg 1536w, https:\/\/spredd.eu\/wp-content\/uploads\/2025\/11\/womens-relaxed-t-shirt-white-front-6925e04dae2cc-600x600.jpg 600w, https:\/\/spredd.eu\/wp-content\/uploads\/2025\/11\/womens-relaxed-t-shirt-white-front-6925e04dae2cc-100x100.jpg 100w, https:\/\/spredd.eu\/wp-content\/uploads\/2025\/11\/womens-relaxed-t-shirt-white-front-6925e04dae2cc.jpg 1920w\" sizes=\"auto, (max-width: 300px) 100vw, 300px\" \/><\/div>\n\t\t\t\t\t<div class=\"wc-block-grid__product-title\">\u0424\u0443\u0442\u0431\u043e\u043b\u043a\u0430 \u0443\u043d\u0438\u0441\u0435\u043a\u0441 \u0441 \u043a\u0440\u0443\u0433\u043b\u044b\u043c \u0432\u044b\u0440\u0435\u0437\u043e\u043c<\/div>\n\t\t\t\t<\/a>\n\t\t\t\t<div class=\"wc-block-grid__product-price price\"><span class=\"woocommerce-Price-amount amount\" aria-hidden=\"true\">22,50&nbsp;<span class=\"woocommerce-Price-currencySymbol\">&euro;<\/span><\/span> <span aria-hidden=\"true\">&ndash;<\/span> <span class=\"woocommerce-Price-amount amount\" aria-hidden=\"true\">24,50&nbsp;<span class=\"woocommerce-Price-currencySymbol\">&euro;<\/span><\/span><span class=\"screen-reader-text\">\u0414\u0438\u0430\u043f\u0430\u0437\u043e\u043d \u0446\u0435\u043d: 22,50&nbsp;&euro; \u2013 24,50&nbsp;&euro;<\/span> <small class=\"woocommerce-price-suffix\">iesk. PVN<\/small><\/div>\n\t\t\t\t\n\t\t\t\t<div class=\"wp-block-button wc-block-grid__product-add-to-cart\"><a href=\"https:\/\/spredd.eu\/ru\/\u043f\u0440\u043e\u0434\u0443\u043a\u0442\/%d1%84%d1%83%d1%82%d0%b1%d0%be%d0%bb%d0%ba%d0%b0-%d1%83%d0%bd%d0%b8%d1%81%d0%b5%d0%ba%d1%81\/\" aria-label=\"\u0412\u044b\u0431\u0435\u0440\u0438\u0442\u0435 \u043e\u043f\u0446\u0438\u0438 \u0434\u043b\u044f &ldquo;\u0424\u0443\u0442\u0431\u043e\u043b\u043a\u0430 \u0443\u043d\u0438\u0441\u0435\u043a\u0441 \u0441 \u043a\u0440\u0443\u0433\u043b\u044b\u043c \u0432\u044b\u0440\u0435\u0437\u043e\u043c&rdquo;\" data-quantity=\"1\" data-product_id=\"1850\" data-product_sku=\"\" data-price=\"22.5\" rel=\"nofollow\" class=\"wp-block-button__link  add_to_cart_button\">\u0412\u044b\u0431\u0435\u0440\u0438\u0442\u0435 \u043f\u0430\u0440\u0430\u043c\u0435\u0442\u0440\u044b<\/a><\/div>\n\t\t\t<\/li><li class=\"wc-block-grid__product\">\n\t\t\t\t<a href=\"https:\/\/spredd.eu\/ru\/\u043f\u0440\u043e\u0434\u0443\u043a\u0442\/%d1%84%d1%83%d1%82%d0%b1%d0%be%d0%bb%d0%ba%d0%b0-%d1%83%d0%bd%d0%b8%d1%81%d0%b5%d0%ba%d1%81-%d1%81-%d0%ba%d0%be%d1%80%d0%be%d1%82%d0%ba%d0%b8%d0%bc-%d1%80%d1%83%d0%ba%d0%b0%d0%b2%d0%be%d0%bc-%d0%b8-v\/\" class=\"wc-block-grid__product-link\">\n\t\t\t\t\t\n\t\t\t\t\t<div class=\"wc-block-grid__product-image\"><img loading=\"lazy\" decoding=\"async\" width=\"300\" height=\"300\" src=\"https:\/\/spredd.eu\/wp-content\/uploads\/2025\/11\/unisex-v-neck-tee-white-front-6914a4567e6e9-300x300.jpg\" class=\"attachment-woocommerce_thumbnail size-woocommerce_thumbnail\" alt=\"\u0424\u0443\u0442\u0431\u043e\u043b\u043a\u0430 \u0443\u043d\u0438\u0441\u0435\u043a\u0441 \u0441 V-\u043e\u0431\u0440\u0430\u0437\u043d\u044b\u043c \u0432\u044b\u0440\u0435\u0437\u043e\u043c\" srcset=\"https:\/\/spredd.eu\/wp-content\/uploads\/2025\/11\/unisex-v-neck-tee-white-front-6914a4567e6e9-300x300.jpg 300w, https:\/\/spredd.eu\/wp-content\/uploads\/2025\/11\/unisex-v-neck-tee-white-front-6914a4567e6e9-1024x1024.jpg 1024w, https:\/\/spredd.eu\/wp-content\/uploads\/2025\/11\/unisex-v-neck-tee-white-front-6914a4567e6e9-150x150.jpg 150w, https:\/\/spredd.eu\/wp-content\/uploads\/2025\/11\/unisex-v-neck-tee-white-front-6914a4567e6e9-768x768.jpg 768w, https:\/\/spredd.eu\/wp-content\/uploads\/2025\/11\/unisex-v-neck-tee-white-front-6914a4567e6e9-1536x1536.jpg 1536w, https:\/\/spredd.eu\/wp-content\/uploads\/2025\/11\/unisex-v-neck-tee-white-front-6914a4567e6e9-600x600.jpg 600w, https:\/\/spredd.eu\/wp-content\/uploads\/2025\/11\/unisex-v-neck-tee-white-front-6914a4567e6e9-100x100.jpg 100w, https:\/\/spredd.eu\/wp-content\/uploads\/2025\/11\/unisex-v-neck-tee-white-front-6914a4567e6e9.jpg 1920w\" sizes=\"auto, (max-width: 300px) 100vw, 300px\" \/><\/div>\n\t\t\t\t\t<div class=\"wc-block-grid__product-title\">\u0424\u0443\u0442\u0431\u043e\u043b\u043a\u0430 \u0443\u043d\u0438\u0441\u0435\u043a\u0441 \u0441 V-\u043e\u0431\u0440\u0430\u0437\u043d\u044b\u043c \u0432\u044b\u0440\u0435\u0437\u043e\u043c<\/div>\n\t\t\t\t<\/a>\n\t\t\t\t<div class=\"wc-block-grid__product-price price\"><span class=\"woocommerce-Price-amount amount\" aria-hidden=\"true\">26,50&nbsp;<span class=\"woocommerce-Price-currencySymbol\">&euro;<\/span><\/span> <span aria-hidden=\"true\">&ndash;<\/span> <span class=\"woocommerce-Price-amount amount\" aria-hidden=\"true\">29,00&nbsp;<span class=\"woocommerce-Price-currencySymbol\">&euro;<\/span><\/span><span class=\"screen-reader-text\">\u0414\u0438\u0430\u043f\u0430\u0437\u043e\u043d \u0446\u0435\u043d: 26,50&nbsp;&euro; \u2013 29,00&nbsp;&euro;<\/span> <small class=\"woocommerce-price-suffix\">iesk. PVN<\/small><\/div>\n\t\t\t\t\n\t\t\t\t<div class=\"wp-block-button wc-block-grid__product-add-to-cart\"><a href=\"https:\/\/spredd.eu\/ru\/\u043f\u0440\u043e\u0434\u0443\u043a\u0442\/%d1%84%d1%83%d1%82%d0%b1%d0%be%d0%bb%d0%ba%d0%b0-%d1%83%d0%bd%d0%b8%d1%81%d0%b5%d0%ba%d1%81-%d1%81-%d0%ba%d0%be%d1%80%d0%be%d1%82%d0%ba%d0%b8%d0%bc-%d1%80%d1%83%d0%ba%d0%b0%d0%b2%d0%be%d0%bc-%d0%b8-v\/\" aria-label=\"\u0412\u044b\u0431\u0435\u0440\u0438\u0442\u0435 \u043e\u043f\u0446\u0438\u0438 \u0434\u043b\u044f &ldquo;\u0424\u0443\u0442\u0431\u043e\u043b\u043a\u0430 \u0443\u043d\u0438\u0441\u0435\u043a\u0441 \u0441 V-\u043e\u0431\u0440\u0430\u0437\u043d\u044b\u043c \u0432\u044b\u0440\u0435\u0437\u043e\u043c&rdquo;\" data-quantity=\"1\" data-product_id=\"1791\" data-product_sku=\"\" data-price=\"26.5\" rel=\"nofollow\" class=\"wp-block-button__link  add_to_cart_button\">\u0412\u044b\u0431\u0435\u0440\u0438\u0442\u0435 \u043f\u0430\u0440\u0430\u043c\u0435\u0442\u0440\u044b<\/a><\/div>\n\t\t\t<\/li><\/ul><\/div><\/div>\n<\/div>\n","protected":false},"excerpt":{"rendered":"","protected":false},"author":1,"featured_media":0,"parent":0,"menu_order":0,"comment_status":"closed","ping_status":"closed","template":"builder.php","meta":{"_acf_changed":false},"class_list":["post-1422","page","type-page","status-publish","hentry"],"acf":[],"yoast_head":"<!-- This site is optimized with the Yoast SEO plugin v26.2 - https:\/\/yoast.com\/wordpress\/plugins\/seo\/ -->\n<title>\u041a\u043e\u0440\u0437\u0438\u043d\u0430 | Spredd<\/title>\n<meta name=\"robots\" content=\"index, follow, max-snippet:-1, max-image-preview:large, max-video-preview:-1\" \/>\n<link rel=\"canonical\" href=\"https:\/\/spredd.eu\/ru\/%d0%ba%d0%be%d1%80%d0%b7%d0%b8%d0%bd%d0%b0\/\" \/>\n<meta property=\"og:locale\" content=\"ru_RU\" \/>\n<meta property=\"og:type\" content=\"article\" \/>\n<meta property=\"og:title\" content=\"\u041a\u043e\u0440\u0437\u0438\u043d\u0430 | Spredd\" \/>\n<meta property=\"og:url\" content=\"https:\/\/spredd.eu\/ru\/%d0%ba%d0%be%d1%80%d0%b7%d0%b8%d0%bd%d0%b0\/\" \/>\n<meta property=\"og:site_name\" content=\"Spredd\" \/>\n<meta property=\"article:modified_time\" content=\"2025-10-19T09:57:03+00:00\" \/>\n<meta property=\"og:image\" content=\"https:\/\/spredd.eu\/wp-content\/uploads\/2025\/09\/featured-image-fallback.jpg\" \/>\n\t<meta property=\"og:image:width\" content=\"1200\" \/>\n\t<meta property=\"og:image:height\" content=\"675\" \/>\n\t<meta property=\"og:image:type\" content=\"image\/jpeg\" \/>\n<meta name=\"twitter:card\" content=\"summary_large_image\" \/>\n<script type=\"application\/ld+json\" class=\"yoast-schema-graph\">{\"@context\":\"https:\/\/schema.org\",\"@graph\":[{\"@type\":\"WebPage\",\"@id\":\"https:\/\/spredd.eu\/ru\/%d0%ba%d0%be%d1%80%d0%b7%d0%b8%d0%bd%d0%b0\/\",\"url\":\"https:\/\/spredd.eu\/ru\/%d0%ba%d0%be%d1%80%d0%b7%d0%b8%d0%bd%d0%b0\/\",\"name\":\"\u041a\u043e\u0440\u0437\u0438\u043d\u0430 | Spredd\",\"isPartOf\":{\"@id\":\"https:\/\/spredd.eu\/ru\/#website\"},\"datePublished\":\"2025-09-30T12:56:17+00:00\",\"dateModified\":\"2025-10-19T09:57:03+00:00\",\"breadcrumb\":{\"@id\":\"https:\/\/spredd.eu\/ru\/%d0%ba%d0%be%d1%80%d0%b7%d0%b8%d0%bd%d0%b0\/#breadcrumb\"},\"inLanguage\":\"ru-RU\",\"potentialAction\":[{\"@type\":\"ReadAction\",\"target\":[\"https:\/\/spredd.eu\/ru\/%d0%ba%d0%be%d1%80%d0%b7%d0%b8%d0%bd%d0%b0\/\"]}]},{\"@type\":\"BreadcrumbList\",\"@id\":\"https:\/\/spredd.eu\/ru\/%d0%ba%d0%be%d1%80%d0%b7%d0%b8%d0%bd%d0%b0\/#breadcrumb\",\"itemListElement\":[{\"@type\":\"ListItem\",\"position\":1,\"name\":\"Home\",\"item\":\"https:\/\/spredd.eu\/ru\/\"},{\"@type\":\"ListItem\",\"position\":2,\"name\":\"\u041a\u043e\u0440\u0437\u0438\u043d\u0430\"}]},{\"@type\":\"WebSite\",\"@id\":\"https:\/\/spredd.eu\/ru\/#website\",\"url\":\"https:\/\/spredd.eu\/ru\/\",\"name\":\"Spredd\",\"description\":\"Video satura m\u0101rketinga a\u0123ent\u016bra\",\"publisher\":{\"@id\":\"https:\/\/spredd.eu\/ru\/#organization\"},\"potentialAction\":[{\"@type\":\"SearchAction\",\"target\":{\"@type\":\"EntryPoint\",\"urlTemplate\":\"https:\/\/spredd.eu\/ru\/?s={search_term_string}\"},\"query-input\":{\"@type\":\"PropertyValueSpecification\",\"valueRequired\":true,\"valueName\":\"search_term_string\"}}],\"inLanguage\":\"ru-RU\"},{\"@type\":\"Organization\",\"@id\":\"https:\/\/spredd.eu\/ru\/#organization\",\"name\":\"Spredd\",\"alternateName\":\"Video satura m\u0101rketinga a\u0123ent\u016bra\",\"url\":\"https:\/\/spredd.eu\/ru\/\",\"logo\":{\"@type\":\"ImageObject\",\"inLanguage\":\"ru-RU\",\"@id\":\"https:\/\/spredd.eu\/ru\/#\/schema\/logo\/image\/\",\"url\":\"https:\/\/spredd.eu\/wp-content\/uploads\/2025\/09\/dark-logo.svg\",\"contentUrl\":\"https:\/\/spredd.eu\/wp-content\/uploads\/2025\/09\/dark-logo.svg\",\"width\":1,\"height\":1,\"caption\":\"Spredd\"},\"image\":{\"@id\":\"https:\/\/spredd.eu\/ru\/#\/schema\/logo\/image\/\"}}]}<\/script>\n<!-- \/ Yoast SEO plugin. -->","yoast_head_json":{"title":"\u041a\u043e\u0440\u0437\u0438\u043d\u0430 | Spredd","robots":{"index":"index","follow":"follow","max-snippet":"max-snippet:-1","max-image-preview":"max-image-preview:large","max-video-preview":"max-video-preview:-1"},"canonical":"https:\/\/spredd.eu\/ru\/%d0%ba%d0%be%d1%80%d0%b7%d0%b8%d0%bd%d0%b0\/","og_locale":"ru_RU","og_type":"article","og_title":"\u041a\u043e\u0440\u0437\u0438\u043d\u0430 | Spredd","og_url":"https:\/\/spredd.eu\/ru\/%d0%ba%d0%be%d1%80%d0%b7%d0%b8%d0%bd%d0%b0\/","og_site_name":"Spredd","article_modified_time":"2025-10-19T09:57:03+00:00","og_image":[{"width":1200,"height":675,"url":"https:\/\/spredd.eu\/wp-content\/uploads\/2025\/09\/featured-image-fallback.jpg","type":"image\/jpeg"}],"twitter_card":"summary_large_image","schema":{"@context":"https:\/\/schema.org","@graph":[{"@type":"WebPage","@id":"https:\/\/spredd.eu\/ru\/%d0%ba%d0%be%d1%80%d0%b7%d0%b8%d0%bd%d0%b0\/","url":"https:\/\/spredd.eu\/ru\/%d0%ba%d0%be%d1%80%d0%b7%d0%b8%d0%bd%d0%b0\/","name":"\u041a\u043e\u0440\u0437\u0438\u043d\u0430 | Spredd","isPartOf":{"@id":"https:\/\/spredd.eu\/ru\/#website"},"datePublished":"2025-09-30T12:56:17+00:00","dateModified":"2025-10-19T09:57:03+00:00","breadcrumb":{"@id":"https:\/\/spredd.eu\/ru\/%d0%ba%d0%be%d1%80%d0%b7%d0%b8%d0%bd%d0%b0\/#breadcrumb"},"inLanguage":"ru-RU","potentialAction":[{"@type":"ReadAction","target":["https:\/\/spredd.eu\/ru\/%d0%ba%d0%be%d1%80%d0%b7%d0%b8%d0%bd%d0%b0\/"]}]},{"@type":"BreadcrumbList","@id":"https:\/\/spredd.eu\/ru\/%d0%ba%d0%be%d1%80%d0%b7%d0%b8%d0%bd%d0%b0\/#breadcrumb","itemListElement":[{"@type":"ListItem","position":1,"name":"Home","item":"https:\/\/spredd.eu\/ru\/"},{"@type":"ListItem","position":2,"name":"\u041a\u043e\u0440\u0437\u0438\u043d\u0430"}]},{"@type":"WebSite","@id":"https:\/\/spredd.eu\/ru\/#website","url":"https:\/\/spredd.eu\/ru\/","name":"Spredd","description":"Video satura m\u0101rketinga a\u0123ent\u016bra","publisher":{"@id":"https:\/\/spredd.eu\/ru\/#organization"},"potentialAction":[{"@type":"SearchAction","target":{"@type":"EntryPoint","urlTemplate":"https:\/\/spredd.eu\/ru\/?s={search_term_string}"},"query-input":{"@type":"PropertyValueSpecification","valueRequired":true,"valueName":"search_term_string"}}],"inLanguage":"ru-RU"},{"@type":"Organization","@id":"https:\/\/spredd.eu\/ru\/#organization","name":"Spredd","alternateName":"Video satura m\u0101rketinga a\u0123ent\u016bra","url":"https:\/\/spredd.eu\/ru\/","logo":{"@type":"ImageObject","inLanguage":"ru-RU","@id":"https:\/\/spredd.eu\/ru\/#\/schema\/logo\/image\/","url":"https:\/\/spredd.eu\/wp-content\/uploads\/2025\/09\/dark-logo.svg","contentUrl":"https:\/\/spredd.eu\/wp-content\/uploads\/2025\/09\/dark-logo.svg","width":1,"height":1,"caption":"Spredd"},"image":{"@id":"https:\/\/spredd.eu\/ru\/#\/schema\/logo\/image\/"}}]}},"_links":{"self":[{"href":"https:\/\/spredd.eu\/ru\/wp-json\/wp\/v2\/pages\/1422","targetHints":{"allow":["GET"]}}],"collection":[{"href":"https:\/\/spredd.eu\/ru\/wp-json\/wp\/v2\/pages"}],"about":[{"href":"https:\/\/spredd.eu\/ru\/wp-json\/wp\/v2\/types\/page"}],"author":[{"embeddable":true,"href":"https:\/\/spredd.eu\/ru\/wp-json\/wp\/v2\/users\/1"}],"replies":[{"embeddable":true,"href":"https:\/\/spredd.eu\/ru\/wp-json\/wp\/v2\/comments?post=1422"}],"version-history":[{"count":1,"href":"https:\/\/spredd.eu\/ru\/wp-json\/wp\/v2\/pages\/1422\/revisions"}],"predecessor-version":[{"id":1437,"href":"https:\/\/spredd.eu\/ru\/wp-json\/wp\/v2\/pages\/1422\/revisions\/1437"}],"wp:attachment":[{"href":"https:\/\/spredd.eu\/ru\/wp-json\/wp\/v2\/media?parent=1422"}],"curies":[{"name":"wp","href":"https:\/\/api.w.org\/{rel}","templated":true}]}}