{"id":1434,"date":"2025-08-26T10:11:17","date_gmt":"2025-08-26T07:11:17","guid":{"rendered":"https:\/\/spredd.eu\/vai-mazai-saimniecibai-ir-jega-ieguldit-digitalajas-reklamas\/"},"modified":"2026-01-29T15:58:09","modified_gmt":"2026-01-29T13:58:09","slug":"vai-mazai-saimniecibai-ir-jega-ieguldit-digitalajas-reklamas","status":"publish","type":"page","link":"https:\/\/spredd.eu\/ru\/","title":{"rendered":"\u0413\u043b\u0430\u0432\u043d\u0430\u044f"},"content":{"rendered":"","protected":false},"excerpt":{"rendered":"","protected":false},"author":3,"featured_media":1293,"parent":0,"menu_order":0,"comment_status":"closed","ping_status":"closed","template":"builder.php","meta":{"_acf_changed":false},"class_list":["post-1434","page","type-page","status-publish","has-post-thumbnail","hentry"],"acf":[],"yoast_head":"<!-- This site is optimized with the Yoast SEO plugin v26.2 - https:\/\/yoast.com\/wordpress\/plugins\/seo\/ -->\n<title>\u0413\u043b\u0430\u0432\u043d\u0430\u044f | Spredd<\/title>\n<meta name=\"description\" content=\"Spredd ir video satura m\u0101rketinga a\u0123ent\u016bra, kas pal\u012bdz vid\u0113ja lieluma uz\u0146\u0113mumiem rad\u012bt saturu soci\u0101lajos t\u012bklos, kas piesaista auditoriju un veicina p\u0101rdo\u0161anu.\" \/>\n<meta name=\"robots\" content=\"index, follow, max-snippet:-1, max-image-preview:large, max-video-preview:-1\" \/>\n<link rel=\"canonical\" href=\"https:\/\/spredd.eu\/ru\/\" \/>\n<meta property=\"og:locale\" content=\"ru_RU\" \/>\n<meta property=\"og:type\" content=\"article\" \/>\n<meta property=\"og:title\" content=\"\u0413\u043b\u0430\u0432\u043d\u0430\u044f | Spredd\" \/>\n<meta property=\"og:description\" content=\"Spredd ir video satura m\u0101rketinga a\u0123ent\u016bra, kas pal\u012bdz vid\u0113ja lieluma uz\u0146\u0113mumiem rad\u012bt saturu soci\u0101lajos t\u012bklos, kas piesaista auditoriju un veicina p\u0101rdo\u0161anu.\" \/>\n<meta property=\"og:url\" content=\"https:\/\/spredd.eu\/ru\/\" \/>\n<meta property=\"og:site_name\" content=\"Spredd\" \/>\n<meta property=\"article:modified_time\" content=\"2026-01-29T13:58:09+00:00\" \/>\n<meta property=\"og:image\" content=\"https:\/\/spredd.eu\/wp-content\/uploads\/2025\/09\/Spredd_foto_Liliana_Legzdina17.jpg\" \/>\n\t<meta property=\"og:image:width\" content=\"1280\" \/>\n\t<meta property=\"og:image:height\" content=\"1920\" \/>\n\t<meta property=\"og:image:type\" content=\"image\/jpeg\" \/>\n<meta name=\"twitter:card\" content=\"summary_large_image\" \/>\n<script type=\"application\/ld+json\" class=\"yoast-schema-graph\">{\"@context\":\"https:\/\/schema.org\",\"@graph\":[{\"@type\":\"WebPage\",\"@id\":\"https:\/\/spredd.eu\/ru\/\",\"url\":\"https:\/\/spredd.eu\/ru\/\",\"name\":\"\u0413\u043b\u0430\u0432\u043d\u0430\u044f | Spredd\",\"isPartOf\":{\"@id\":\"https:\/\/spredd.eu\/ru\/#website\"},\"primaryImageOfPage\":{\"@id\":\"https:\/\/spredd.eu\/ru\/#primaryimage\"},\"image\":{\"@id\":\"https:\/\/spredd.eu\/ru\/#primaryimage\"},\"thumbnailUrl\":\"https:\/\/spredd.eu\/wp-content\/uploads\/2025\/09\/Spredd_foto_Liliana_Legzdina17.jpg\",\"datePublished\":\"2025-08-26T07:11:17+00:00\",\"dateModified\":\"2026-01-29T13:58:09+00:00\",\"description\":\"Spredd ir video satura m\u0101rketinga a\u0123ent\u016bra, kas pal\u012bdz vid\u0113ja lieluma uz\u0146\u0113mumiem rad\u012bt saturu soci\u0101lajos t\u012bklos, kas piesaista auditoriju un veicina p\u0101rdo\u0161anu.\",\"breadcrumb\":{\"@id\":\"https:\/\/spredd.eu\/ru\/#breadcrumb\"},\"inLanguage\":\"ru-RU\",\"potentialAction\":[{\"@type\":\"ReadAction\",\"target\":[\"https:\/\/spredd.eu\/ru\/\"]}]},{\"@type\":\"ImageObject\",\"inLanguage\":\"ru-RU\",\"@id\":\"https:\/\/spredd.eu\/ru\/#primaryimage\",\"url\":\"https:\/\/spredd.eu\/wp-content\/uploads\/2025\/09\/Spredd_foto_Liliana_Legzdina17.jpg\",\"contentUrl\":\"https:\/\/spredd.eu\/wp-content\/uploads\/2025\/09\/Spredd_foto_Liliana_Legzdina17.jpg\",\"width\":1280,\"height\":1920,\"caption\":\"Vai mazai saimniec\u012bbai ir j\u0113ga ieguld\u012bt digit\u0101laj\u0101s rekl\u0101m\u0101s?\"},{\"@type\":\"BreadcrumbList\",\"@id\":\"https:\/\/spredd.eu\/ru\/#breadcrumb\",\"itemListElement\":[{\"@type\":\"ListItem\",\"position\":1,\"name\":\"Home\",\"item\":\"https:\/\/spredd.eu\/ru\/\"},{\"@type\":\"ListItem\",\"position\":2,\"name\":\"\u0413\u043b\u0430\u0432\u043d\u0430\u044f\"}]},{\"@type\":\"WebSite\",\"@id\":\"https:\/\/spredd.eu\/ru\/#website\",\"url\":\"https:\/\/spredd.eu\/ru\/\",\"name\":\"Spredd\",\"description\":\"Video satura m\u0101rketinga a\u0123ent\u016bra\",\"publisher\":{\"@id\":\"https:\/\/spredd.eu\/ru\/#organization\"},\"potentialAction\":[{\"@type\":\"SearchAction\",\"target\":{\"@type\":\"EntryPoint\",\"urlTemplate\":\"https:\/\/spredd.eu\/ru\/?s={search_term_string}\"},\"query-input\":{\"@type\":\"PropertyValueSpecification\",\"valueRequired\":true,\"valueName\":\"search_term_string\"}}],\"inLanguage\":\"ru-RU\"},{\"@type\":\"Organization\",\"@id\":\"https:\/\/spredd.eu\/ru\/#organization\",\"name\":\"Spredd\",\"alternateName\":\"Video satura m\u0101rketinga a\u0123ent\u016bra\",\"url\":\"https:\/\/spredd.eu\/ru\/\",\"logo\":{\"@type\":\"ImageObject\",\"inLanguage\":\"ru-RU\",\"@id\":\"https:\/\/spredd.eu\/ru\/#\/schema\/logo\/image\/\",\"url\":\"https:\/\/spredd.eu\/wp-content\/uploads\/2025\/09\/dark-logo.svg\",\"contentUrl\":\"https:\/\/spredd.eu\/wp-content\/uploads\/2025\/09\/dark-logo.svg\",\"width\":1,\"height\":1,\"caption\":\"Spredd\"},\"image\":{\"@id\":\"https:\/\/spredd.eu\/ru\/#\/schema\/logo\/image\/\"}}]}<\/script>\n<!-- \/ Yoast SEO plugin. -->","yoast_head_json":{"title":"\u0413\u043b\u0430\u0432\u043d\u0430\u044f | Spredd","description":"Spredd ir video satura m\u0101rketinga a\u0123ent\u016bra, kas pal\u012bdz vid\u0113ja lieluma uz\u0146\u0113mumiem rad\u012bt saturu soci\u0101lajos t\u012bklos, kas piesaista auditoriju un veicina p\u0101rdo\u0161anu.","robots":{"index":"index","follow":"follow","max-snippet":"max-snippet:-1","max-image-preview":"max-image-preview:large","max-video-preview":"max-video-preview:-1"},"canonical":"https:\/\/spredd.eu\/ru\/","og_locale":"ru_RU","og_type":"article","og_title":"\u0413\u043b\u0430\u0432\u043d\u0430\u044f | Spredd","og_description":"Spredd ir video satura m\u0101rketinga a\u0123ent\u016bra, kas pal\u012bdz vid\u0113ja lieluma uz\u0146\u0113mumiem rad\u012bt saturu soci\u0101lajos t\u012bklos, kas piesaista auditoriju un veicina p\u0101rdo\u0161anu.","og_url":"https:\/\/spredd.eu\/ru\/","og_site_name":"Spredd","article_modified_time":"2026-01-29T13:58:09+00:00","og_image":[{"width":1280,"height":1920,"url":"https:\/\/spredd.eu\/wp-content\/uploads\/2025\/09\/Spredd_foto_Liliana_Legzdina17.jpg","type":"image\/jpeg"}],"twitter_card":"summary_large_image","schema":{"@context":"https:\/\/schema.org","@graph":[{"@type":"WebPage","@id":"https:\/\/spredd.eu\/ru\/","url":"https:\/\/spredd.eu\/ru\/","name":"\u0413\u043b\u0430\u0432\u043d\u0430\u044f | Spredd","isPartOf":{"@id":"https:\/\/spredd.eu\/ru\/#website"},"primaryImageOfPage":{"@id":"https:\/\/spredd.eu\/ru\/#primaryimage"},"image":{"@id":"https:\/\/spredd.eu\/ru\/#primaryimage"},"thumbnailUrl":"https:\/\/spredd.eu\/wp-content\/uploads\/2025\/09\/Spredd_foto_Liliana_Legzdina17.jpg","datePublished":"2025-08-26T07:11:17+00:00","dateModified":"2026-01-29T13:58:09+00:00","description":"Spredd ir video satura m\u0101rketinga a\u0123ent\u016bra, kas pal\u012bdz vid\u0113ja lieluma uz\u0146\u0113mumiem rad\u012bt saturu soci\u0101lajos t\u012bklos, kas piesaista auditoriju un veicina p\u0101rdo\u0161anu.","breadcrumb":{"@id":"https:\/\/spredd.eu\/ru\/#breadcrumb"},"inLanguage":"ru-RU","potentialAction":[{"@type":"ReadAction","target":["https:\/\/spredd.eu\/ru\/"]}]},{"@type":"ImageObject","inLanguage":"ru-RU","@id":"https:\/\/spredd.eu\/ru\/#primaryimage","url":"https:\/\/spredd.eu\/wp-content\/uploads\/2025\/09\/Spredd_foto_Liliana_Legzdina17.jpg","contentUrl":"https:\/\/spredd.eu\/wp-content\/uploads\/2025\/09\/Spredd_foto_Liliana_Legzdina17.jpg","width":1280,"height":1920,"caption":"Vai mazai saimniec\u012bbai ir j\u0113ga ieguld\u012bt digit\u0101laj\u0101s rekl\u0101m\u0101s?"},{"@type":"BreadcrumbList","@id":"https:\/\/spredd.eu\/ru\/#breadcrumb","itemListElement":[{"@type":"ListItem","position":1,"name":"Home","item":"https:\/\/spredd.eu\/ru\/"},{"@type":"ListItem","position":2,"name":"\u0413\u043b\u0430\u0432\u043d\u0430\u044f"}]},{"@type":"WebSite","@id":"https:\/\/spredd.eu\/ru\/#website","url":"https:\/\/spredd.eu\/ru\/","name":"Spredd","description":"Video satura m\u0101rketinga a\u0123ent\u016bra","publisher":{"@id":"https:\/\/spredd.eu\/ru\/#organization"},"potentialAction":[{"@type":"SearchAction","target":{"@type":"EntryPoint","urlTemplate":"https:\/\/spredd.eu\/ru\/?s={search_term_string}"},"query-input":{"@type":"PropertyValueSpecification","valueRequired":true,"valueName":"search_term_string"}}],"inLanguage":"ru-RU"},{"@type":"Organization","@id":"https:\/\/spredd.eu\/ru\/#organization","name":"Spredd","alternateName":"Video satura m\u0101rketinga a\u0123ent\u016bra","url":"https:\/\/spredd.eu\/ru\/","logo":{"@type":"ImageObject","inLanguage":"ru-RU","@id":"https:\/\/spredd.eu\/ru\/#\/schema\/logo\/image\/","url":"https:\/\/spredd.eu\/wp-content\/uploads\/2025\/09\/dark-logo.svg","contentUrl":"https:\/\/spredd.eu\/wp-content\/uploads\/2025\/09\/dark-logo.svg","width":1,"height":1,"caption":"Spredd"},"image":{"@id":"https:\/\/spredd.eu\/ru\/#\/schema\/logo\/image\/"}}]}},"_links":{"self":[{"href":"https:\/\/spredd.eu\/ru\/wp-json\/wp\/v2\/pages\/1434","targetHints":{"allow":["GET"]}}],"collection":[{"href":"https:\/\/spredd.eu\/ru\/wp-json\/wp\/v2\/pages"}],"about":[{"href":"https:\/\/spredd.eu\/ru\/wp-json\/wp\/v2\/types\/page"}],"author":[{"embeddable":true,"href":"https:\/\/spredd.eu\/ru\/wp-json\/wp\/v2\/users\/3"}],"replies":[{"embeddable":true,"href":"https:\/\/spredd.eu\/ru\/wp-json\/wp\/v2\/comments?post=1434"}],"version-history":[{"count":4,"href":"https:\/\/spredd.eu\/ru\/wp-json\/wp\/v2\/pages\/1434\/revisions"}],"predecessor-version":[{"id":1963,"href":"https:\/\/spredd.eu\/ru\/wp-json\/wp\/v2\/pages\/1434\/revisions\/1963"}],"wp:featuredmedia":[{"embeddable":true,"href":"https:\/\/spredd.eu\/ru\/wp-json\/wp\/v2\/media\/1293"}],"wp:attachment":[{"href":"https:\/\/spredd.eu\/ru\/wp-json\/wp\/v2\/media?parent=1434"}],"curies":[{"name":"wp","href":"https:\/\/api.w.org\/{rel}","templated":true}]}}